{"id":468,"date":"2016-02-19T19:56:14","date_gmt":"2016-02-19T19:56:14","guid":{"rendered":"http:\/\/www.uelihofer.ch\/?page_id=468"},"modified":"2024-11-04T12:30:02","modified_gmt":"2024-11-04T12:30:02","slug":"wege-zur-kunst","status":"publish","type":"page","link":"https:\/\/www.uelihofer.ch\/?page_id=468","title":{"rendered":"Ueli Hofer, geschnittenes Papier und Collagen"},"content":{"rendered":"\n<figure class=\"wp-block-image size-full\"><a href=\"https:\/\/www.uelihofer.ch\/wp-content\/uploads\/2024\/11\/uelihofer_ruettihubel_vorderseite.png\"><img loading=\"lazy\" decoding=\"async\" width=\"779\" height=\"540\" src=\"https:\/\/www.uelihofer.ch\/wp-content\/uploads\/2024\/11\/uelihofer_ruettihubel_vorderseite.png\" alt=\"\" class=\"wp-image-1070\" srcset=\"https:\/\/www.uelihofer.ch\/wp-content\/uploads\/2024\/11\/uelihofer_ruettihubel_vorderseite.png 779w, https:\/\/www.uelihofer.ch\/wp-content\/uploads\/2024\/11\/uelihofer_ruettihubel_vorderseite-300x208.png 300w, https:\/\/www.uelihofer.ch\/wp-content\/uploads\/2024\/11\/uelihofer_ruettihubel_vorderseite-768x532.png 768w, https:\/\/www.uelihofer.ch\/wp-content\/uploads\/2024\/11\/uelihofer_ruettihubel_vorderseite-230x159.png 230w, https:\/\/www.uelihofer.ch\/wp-content\/uploads\/2024\/11\/uelihofer_ruettihubel_vorderseite-350x243.png 350w, https:\/\/www.uelihofer.ch\/wp-content\/uploads\/2024\/11\/uelihofer_ruettihubel_vorderseite-480x333.png 480w\" sizes=\"auto, (max-width: 779px) 100vw, 779px\" \/><\/a><\/figure>\n\n\n\n<figure class=\"wp-block-image size-full\"><a href=\"https:\/\/www.uelihofer.ch\/wp-content\/uploads\/2024\/11\/uelihofer_ruettihubel_rueckseite.png\"><img loading=\"lazy\" decoding=\"async\" width=\"778\" height=\"542\" src=\"https:\/\/www.uelihofer.ch\/wp-content\/uploads\/2024\/11\/uelihofer_ruettihubel_rueckseite.png\" alt=\"\" class=\"wp-image-1071\" srcset=\"https:\/\/www.uelihofer.ch\/wp-content\/uploads\/2024\/11\/uelihofer_ruettihubel_rueckseite.png 778w, https:\/\/www.uelihofer.ch\/wp-content\/uploads\/2024\/11\/uelihofer_ruettihubel_rueckseite-300x209.png 300w, https:\/\/www.uelihofer.ch\/wp-content\/uploads\/2024\/11\/uelihofer_ruettihubel_rueckseite-768x535.png 768w, https:\/\/www.uelihofer.ch\/wp-content\/uploads\/2024\/11\/uelihofer_ruettihubel_rueckseite-230x160.png 230w, https:\/\/www.uelihofer.ch\/wp-content\/uploads\/2024\/11\/uelihofer_ruettihubel_rueckseite-350x244.png 350w, https:\/\/www.uelihofer.ch\/wp-content\/uploads\/2024\/11\/uelihofer_ruettihubel_rueckseite-480x334.png 480w\" sizes=\"auto, (max-width: 778px) 100vw, 778px\" \/><\/a><\/figure>\n\n\n\n<p><strong>\u00d6ffnungszeiten:<\/strong><br>Die Ausstellung ist t\u00e4glich von 10:00 Uhr bis 17:00 Uhr ge\u00f6ffnet.<br>Der K\u00fcnstler ist jeden Samstag und Sonntag zwischen 14:00 und 17:00 Uhr anwesend.<\/p>\n\n\n\n<p>Weitere Informationen (externer Link): ERATO Kulturb\u00fcro <a href=\"https:\/\/erato-kultur.ch\/veranstaltungen\/ausstellung-ueli-hofer\/\" target=\"_blank\" rel=\"noreferrer noopener\">www.erato-kultur.ch<\/a>, 078 661 55 02<\/p>\n\n\n\n<iframe src=\"https:\/\/www.google.com\/maps\/embed?pb=!1m18!1m12!1m3!1d1146.34848807688!2d7.597600284399842!3d46.93991887136792!2m3!1f0!2f0!3f0!3m2!1i1024!2i768!4f13.1!3m3!1m2!1s0x478e345c296e57c9%3A0xcb9eb15d361156e!2sR%C3%BCttihubelbad%2C%203512%20Walkringen!5e1!3m2!1sde!2sch!4v1729781129353!5m2!1sde!2sch\" width=\"600\" height=\"450\" style=\"border:0;\" allowfullscreen=\"\" loading=\"lazy\" referrerpolicy=\"no-referrer-when-downgrade\"><\/iframe>\n\n\n\n<p><a href=\"http:\/\/www.uelihofer.ch\/?page_id=284\">zur\u00fcck<\/a><\/p>\n","protected":false},"excerpt":{"rendered":"<p>\u00d6ffnungszeiten:Die Ausstellung ist t\u00e4glich von 10:00 Uhr bis 17:00 Uhr ge\u00f6ffnet.Der K\u00fcnstler ist jeden Samstag und Sonntag zwischen 14:00 und 17:00 Uhr [&hellip;]<\/p>\n","protected":false},"author":1,"featured_media":0,"parent":0,"menu_order":0,"comment_status":"closed","ping_status":"closed","template":"page-templates\/page_fullwidth.php","meta":{"footnotes":""},"class_list":["post-468","page","type-page","status-publish","hentry"],"_links":{"self":[{"href":"https:\/\/www.uelihofer.ch\/index.php?rest_route=\/wp\/v2\/pages\/468","targetHints":{"allow":["GET"]}}],"collection":[{"href":"https:\/\/www.uelihofer.ch\/index.php?rest_route=\/wp\/v2\/pages"}],"about":[{"href":"https:\/\/www.uelihofer.ch\/index.php?rest_route=\/wp\/v2\/types\/page"}],"author":[{"embeddable":true,"href":"https:\/\/www.uelihofer.ch\/index.php?rest_route=\/wp\/v2\/users\/1"}],"replies":[{"embeddable":true,"href":"https:\/\/www.uelihofer.ch\/index.php?rest_route=%2Fwp%2Fv2%2Fcomments&post=468"}],"version-history":[{"count":13,"href":"https:\/\/www.uelihofer.ch\/index.php?rest_route=\/wp\/v2\/pages\/468\/revisions"}],"predecessor-version":[{"id":1073,"href":"https:\/\/www.uelihofer.ch\/index.php?rest_route=\/wp\/v2\/pages\/468\/revisions\/1073"}],"wp:attachment":[{"href":"https:\/\/www.uelihofer.ch\/index.php?rest_route=%2Fwp%2Fv2%2Fmedia&parent=468"}],"curies":[{"name":"wp","href":"https:\/\/api.w.org\/{rel}","templated":true}]}}